
{"id":992,"date":"2021-08-18T14:19:31","date_gmt":"2021-08-18T12:19:31","guid":{"rendered":"https:\/\/korrosion.nu\/index.php\/tempcoat\/"},"modified":"2025-06-25T11:49:49","modified_gmt":"2025-06-25T09:49:49","slug":"tempcoat","status":"publish","type":"page","link":"https:\/\/korrosion.nu\/da\/index.php\/tempcoat\/","title":{"rendered":"TempCoat"},"content":{"rendered":"\t\t<div data-elementor-type=\"wp-page\" data-elementor-id=\"992\" class=\"elementor elementor-992 elementor-392\">\n\t\t\t\t\t\t\t\t\t<section class=\"elementor-section elementor-top-section elementor-element elementor-element-0f8bf39 elementor-section-boxed elementor-section-height-default elementor-section-height-default\" data-id=\"0f8bf39\" data-element_type=\"section\" data-settings=\"{&quot;background_background&quot;:&quot;classic&quot;}\">\n\t\t\t\t\t\t\t<div class=\"elementor-background-overlay\"><\/div>\n\t\t\t\t\t\t\t<div class=\"elementor-container elementor-column-gap-default\">\n\t\t\t\t\t<div class=\"elementor-column elementor-col-100 elementor-top-column elementor-element elementor-element-bdf6ee5\" data-id=\"bdf6ee5\" data-element_type=\"column\">\n\t\t\t<div class=\"elementor-widget-wrap elementor-element-populated\">\n\t\t\t\t\t\t\t\t<section class=\"elementor-section elementor-inner-section elementor-element elementor-element-6784e5a elementor-section-full_width elementor-section-height-default elementor-section-height-default\" data-id=\"6784e5a\" data-element_type=\"section\">\n\t\t\t\t\t\t<div class=\"elementor-container elementor-column-gap-default\">\n\t\t\t\t\t<div class=\"elementor-column elementor-col-50 elementor-inner-column elementor-element elementor-element-076f4db\" data-id=\"076f4db\" data-element_type=\"column\">\n\t\t\t<div class=\"elementor-widget-wrap elementor-element-populated\">\n\t\t\t\t\t\t\t\t<div class=\"elementor-element elementor-element-3e25751 elementor-widget elementor-widget-heading\" data-id=\"3e25751\" data-element_type=\"widget\" data-widget_type=\"heading.default\">\n\t\t\t\t<div class=\"elementor-widget-container\">\n\t\t\t<h1 class=\"elementor-heading-title elementor-size-default\">TempCoat\u00ae<\/h1>\t\t<\/div>\n\t\t\t\t<\/div>\n\t\t\t\t<div class=\"elementor-element elementor-element-0660021 elementor-widget elementor-widget-heading\" data-id=\"0660021\" data-element_type=\"widget\" data-widget_type=\"heading.default\">\n\t\t\t\t<div class=\"elementor-widget-container\">\n\t\t\t<h2 class=\"elementor-heading-title elementor-size-default\">TempCoat\u00ae<\/h2>\t\t<\/div>\n\t\t\t\t<\/div>\n\t\t\t\t<div class=\"elementor-element elementor-element-5f19ee0 elementor-widget elementor-widget-text-editor\" data-id=\"5f19ee0\" data-element_type=\"widget\" data-widget_type=\"text-editor.default\">\n\t\t\t\t<div class=\"elementor-widget-container\">\n\t\t\t\t\t\t\t<div class=\"elementor-element elementor-element-5f19ee0 elementor-widget elementor-widget-text-editor\" data-id=\"5f19ee0\" data-element_type=\"widget\" data-widget_type=\"text-editor.default\"><div class=\"elementor-widget-container\"><p>Har din virksomhed brug for TempCoat\u00ae overfladebehandling? Hos Aalberts ST L\u00f6ddek\u00f6pinge har vi omfattende erfaring med forskellige typer korrosionsbeskyttende overfladebehandlinger.<\/p><\/div><\/div>\t\t\t\t\t\t<\/div>\n\t\t\t\t<\/div>\n\t\t\t\t<div class=\"elementor-element elementor-element-e8110f8 elementor-widget elementor-widget-button\" data-id=\"e8110f8\" data-element_type=\"widget\" data-widget_type=\"button.default\">\n\t\t\t\t<div class=\"elementor-widget-container\">\n\t\t\t\t\t<div class=\"elementor-button-wrapper\">\n\t\t\t<a href=\"https:\/\/www.aalberts-st.com\/da\/locations\/loddekopinge\/\" class=\"elementor-button-link elementor-button elementor-size-sm\" role=\"button\">\n\t\t\t\t\t\t<span class=\"elementor-button-content-wrapper\">\n\t\t\t\t\t\t\t<span class=\"elementor-button-icon elementor-align-icon-right\">\n\t\t\t\t<i aria-hidden=\"true\" class=\"fas fa-angle-right\"><\/i>\t\t\t<\/span>\n\t\t\t\t\t\t<span class=\"elementor-button-text\">Kontakt os<\/span>\n\t\t<\/span>\n\t\t\t\t\t<\/a>\n\t\t<\/div>\n\t\t\t\t<\/div>\n\t\t\t\t<\/div>\n\t\t\t\t\t<\/div>\n\t\t<\/div>\n\t\t\t\t<div class=\"elementor-column elementor-col-50 elementor-inner-column elementor-element elementor-element-39da62b\" data-id=\"39da62b\" data-element_type=\"column\">\n\t\t\t<div class=\"elementor-widget-wrap\">\n\t\t\t\t\t\t\t\t\t<\/div>\n\t\t<\/div>\n\t\t\t\t\t\t\t<\/div>\n\t\t<\/section>\n\t\t\t\t\t<\/div>\n\t\t<\/div>\n\t\t\t\t\t\t\t<\/div>\n\t\t<\/section>\n\t\t\t\t<section class=\"elementor-section elementor-top-section elementor-element elementor-element-e2259c3 elementor-section-boxed elementor-section-height-default elementor-section-height-default\" data-id=\"e2259c3\" data-element_type=\"section\">\n\t\t\t\t\t\t<div class=\"elementor-container elementor-column-gap-default\">\n\t\t\t\t\t<div class=\"elementor-column elementor-col-100 elementor-top-column elementor-element elementor-element-0726d00\" data-id=\"0726d00\" data-element_type=\"column\">\n\t\t\t<div class=\"elementor-widget-wrap elementor-element-populated\">\n\t\t\t\t\t\t\t\t<div class=\"elementor-element elementor-element-f8c4c03 elementor-widget elementor-widget-spacer\" data-id=\"f8c4c03\" data-element_type=\"widget\" data-widget_type=\"spacer.default\">\n\t\t\t\t<div class=\"elementor-widget-container\">\n\t\t\t\t\t<div class=\"elementor-spacer\">\n\t\t\t<div class=\"elementor-spacer-inner\"><\/div>\n\t\t<\/div>\n\t\t\t\t<\/div>\n\t\t\t\t<\/div>\n\t\t\t\t\t<\/div>\n\t\t<\/div>\n\t\t\t\t\t\t\t<\/div>\n\t\t<\/section>\n\t\t\t\t<section class=\"elementor-section elementor-top-section elementor-element elementor-element-cf8ae73 elementor-section-boxed elementor-section-height-default elementor-section-height-default\" data-id=\"cf8ae73\" data-element_type=\"section\">\n\t\t\t\t\t\t<div class=\"elementor-container elementor-column-gap-default\">\n\t\t\t\t\t<div class=\"elementor-column elementor-col-50 elementor-top-column elementor-element elementor-element-d12a43a\" data-id=\"d12a43a\" data-element_type=\"column\">\n\t\t\t<div class=\"elementor-widget-wrap elementor-element-populated\">\n\t\t\t\t\t\t\t\t<div class=\"elementor-element elementor-element-d516759 elementor-widget elementor-widget-heading\" data-id=\"d516759\" data-element_type=\"widget\" data-widget_type=\"heading.default\">\n\t\t\t\t<div class=\"elementor-widget-container\">\n\t\t\t<h2 class=\"elementor-heading-title elementor-size-default\">Hvad er TempCoat\u00ae?\n<\/h2>\t\t<\/div>\n\t\t\t\t<\/div>\n\t\t\t\t<div class=\"elementor-element elementor-element-e60ab96 elementor-widget elementor-widget-text-editor\" data-id=\"e60ab96\" data-element_type=\"widget\" data-widget_type=\"text-editor.default\">\n\t\t\t\t<div class=\"elementor-widget-container\">\n\t\t\t\t\t\t\t<p>TempCoat\u00ae er et forst\u00e6rket epoxyharpiks-PTFE-baseret bel\u00e6gningssystem med blandt andet gode glide- og slidegenskaber. Overfladebehandlingen best\u00e5r af kombinationer af forskellige polymerer, der for eksempel kan fungere som korrosionsbeskyttelse for dele, der er udsat for kraftigt slid eller befinder sig i aggressive milj\u00f8er. De medf\u00f8lgende slidst\u00e6rke komponenter sikrer en lang levetid, selv under h\u00f8j mekanisk belastning, is\u00e6r p\u00e5 aluminiumsdele.<\/p><p>Det m\u00e6rke, vi bruger mest til vores TempCoat\u00ae-bel\u00e6gninger mod korrosion, er Ilaflon\u00ae, og den mest almindelige bel\u00e6gning hedder TempCoat 5001. Denne specifikke bel\u00e6gning f\u00e5s i lidt forskellige varianter hvoraf en er f\u00f8devaregodkendt. Bel\u00e6gningen kan modst\u00e5 temperaturer fra \u2013 40\u00b0C op til +250\u00b0C og p\u00e5f\u00f8res i flere forskellige lag. Efter bel\u00e6gning har den en overfladelagtykkelse p\u00e5 cirka 20-80 \u00b5m. Bel\u00e6gningen f\u00e5s i enten mat sort eller gr\u00e5gr\u00f8n.<\/p>\t\t\t\t\t\t<\/div>\n\t\t\t\t<\/div>\n\t\t\t\t\t<\/div>\n\t\t<\/div>\n\t\t\t\t<div class=\"elementor-column elementor-col-50 elementor-top-column elementor-element elementor-element-2520f53\" data-id=\"2520f53\" data-element_type=\"column\" data-settings=\"{&quot;background_background&quot;:&quot;classic&quot;}\">\n\t\t\t<div class=\"elementor-widget-wrap\">\n\t\t\t\t\t\t\t\t\t<\/div>\n\t\t<\/div>\n\t\t\t\t\t\t\t<\/div>\n\t\t<\/section>\n\t\t\t\t<section class=\"elementor-section elementor-top-section elementor-element elementor-element-82e3290 elementor-section-boxed elementor-section-height-default elementor-section-height-default\" data-id=\"82e3290\" data-element_type=\"section\">\n\t\t\t\t\t\t<div class=\"elementor-container elementor-column-gap-default\">\n\t\t\t\t\t<div class=\"elementor-column elementor-col-100 elementor-top-column elementor-element elementor-element-c0bb412\" data-id=\"c0bb412\" data-element_type=\"column\">\n\t\t\t<div class=\"elementor-widget-wrap elementor-element-populated\">\n\t\t\t\t\t\t\t\t<div class=\"elementor-element elementor-element-9258c5a elementor-widget elementor-widget-heading\" data-id=\"9258c5a\" data-element_type=\"widget\" data-widget_type=\"heading.default\">\n\t\t\t\t<div class=\"elementor-widget-container\">\n\t\t\t<h2 class=\"elementor-heading-title elementor-size-default\">Hvordan ser bel\u00e6gningsprocessen ud?\n<\/h2>\t\t<\/div>\n\t\t\t\t<\/div>\n\t\t\t\t<div class=\"elementor-element elementor-element-3c2cc2d elementor-widget elementor-widget-text-editor\" data-id=\"3c2cc2d\" data-element_type=\"widget\" data-widget_type=\"text-editor.default\">\n\t\t\t\t<div class=\"elementor-widget-container\">\n\t\t\t\t\t\t\t<p>Det f\u00f8rste trin i overfladebehandlingsprocessen involverer afgasning\/br\u00e6nding i en ovn. Dette fjerner snavs, olier, gammel bel\u00e6gning osv. fra den del, der skal behandles, for at den kan overfladebehandles.<\/p><p>Komponenten maskeres derefter p\u00e5 de dele, der ikke skal overfladebehandles, hvilket g\u00f8res i henhold til tegninger og aftale med kunden. Efter maskering sandbl\u00e6ses delen med aluminiumoxid for at sikre god vedh\u00e6ftning og en helt ren overflade, inden selve bel\u00e6gningen kan begynde.<\/p><p>Efter sandbl\u00e6sning sendes emnet til den valgte korrosionsbeskyttelsesbel\u00e6gning med TempCoat\u00ae. Bel\u00e6gningsprocessen tager forskellig tid afh\u00e6ngigt af den valgte bel\u00e6gning. TempCoat\u00ae p\u00e5f\u00f8res i flere forskellige lag, og mellem hvert lag skal delene t\u00f8rres i en ovn med varierende tid og temperatur. N\u00e5r det sidste lag er p\u00e5 plads, skal komponenten endelig h\u00e6rdes i en ovn, kendt som sintring.<\/p><p>N\u00e5r overfladebel\u00e6gningen er f\u00e6rdig, kvalitetskontrolleres alle detaljer omhyggeligt (visuel og taktil inspektion samt m\u00e5ling af overfladetykkelse) inden endelig efterbehandling, pakning og levering.<\/p>\t\t\t\t\t\t<\/div>\n\t\t\t\t<\/div>\n\t\t\t\t\t<\/div>\n\t\t<\/div>\n\t\t\t\t\t\t\t<\/div>\n\t\t<\/section>\n\t\t\t\t<section class=\"elementor-section elementor-top-section elementor-element elementor-element-c002b63 elementor-section-boxed elementor-section-height-default elementor-section-height-default\" data-id=\"c002b63\" data-element_type=\"section\">\n\t\t\t\t\t\t<div class=\"elementor-container elementor-column-gap-default\">\n\t\t\t\t\t<div class=\"elementor-column elementor-col-100 elementor-top-column elementor-element elementor-element-d8df2ec\" data-id=\"d8df2ec\" data-element_type=\"column\">\n\t\t\t<div class=\"elementor-widget-wrap elementor-element-populated\">\n\t\t\t\t\t\t\t\t<div class=\"elementor-element elementor-element-0ba66c2 elementor-widget elementor-widget-heading\" data-id=\"0ba66c2\" data-element_type=\"widget\" data-widget_type=\"heading.default\">\n\t\t\t\t<div class=\"elementor-widget-container\">\n\t\t\t<h2 class=\"elementor-heading-title elementor-size-default\">Fordelene ved TempCoat\u00ae<\/h2>\t\t<\/div>\n\t\t\t\t<\/div>\n\t\t\t\t<div class=\"elementor-element elementor-element-cc62da3 elementor-widget elementor-widget-text-editor\" data-id=\"cc62da3\" data-element_type=\"widget\" data-widget_type=\"text-editor.default\">\n\t\t\t\t<div class=\"elementor-widget-container\">\n\t\t\t\t\t\t\t<p>Der er flere fordele ved at bruge TempCoat\u00ae som en beskyttende bel\u00e6gning:<\/p>\t\t\t\t\t\t<\/div>\n\t\t\t\t<\/div>\n\t\t\t\t\t<\/div>\n\t\t<\/div>\n\t\t\t\t\t\t\t<\/div>\n\t\t<\/section>\n\t\t\t\t<section class=\"elementor-section elementor-top-section elementor-element elementor-element-f04d3a0 elementor-section-boxed elementor-section-height-default elementor-section-height-default\" data-id=\"f04d3a0\" data-element_type=\"section\">\n\t\t\t\t\t\t<div class=\"elementor-container elementor-column-gap-default\">\n\t\t\t\t\t<div class=\"elementor-column elementor-col-33 elementor-top-column elementor-element elementor-element-5033772\" data-id=\"5033772\" data-element_type=\"column\">\n\t\t\t<div class=\"elementor-widget-wrap elementor-element-populated\">\n\t\t\t\t\t\t\t\t<div class=\"elementor-element elementor-element-c76b055 elementor-view-default elementor-widget elementor-widget-icon\" data-id=\"c76b055\" data-element_type=\"widget\" data-widget_type=\"icon.default\">\n\t\t\t\t<div class=\"elementor-widget-container\">\n\t\t\t\t\t<div class=\"elementor-icon-wrapper\">\n\t\t\t<div class=\"elementor-icon\">\n\t\t\t<i aria-hidden=\"true\" class=\"fas fa-stream\"><\/i>\t\t\t<\/div>\n\t\t<\/div>\n\t\t\t\t<\/div>\n\t\t\t\t<\/div>\n\t\t\t\t<div class=\"elementor-element elementor-element-682bf33 elementor-widget elementor-widget-heading\" data-id=\"682bf33\" data-element_type=\"widget\" data-widget_type=\"heading.default\">\n\t\t\t\t<div class=\"elementor-widget-container\">\n\t\t\t<h3 class=\"elementor-heading-title elementor-size-default\">Perfekt til beskyttelse af aluminium\n<\/h3>\t\t<\/div>\n\t\t\t\t<\/div>\n\t\t\t\t<div class=\"elementor-element elementor-element-2fb392f elementor-widget elementor-widget-text-editor\" data-id=\"2fb392f\" data-element_type=\"widget\" data-widget_type=\"text-editor.default\">\n\t\t\t\t<div class=\"elementor-widget-container\">\n\t\t\t\t\t\t\t<p>Bel\u00e6gningen er blevet evalueret i uafh\u00e6ngige tests og har opn\u00e5et de bedste resultater som korrosionsbeskyttelse p\u00e5 aluminiumsdele.<\/p>\t\t\t\t\t\t<\/div>\n\t\t\t\t<\/div>\n\t\t\t\t\t<\/div>\n\t\t<\/div>\n\t\t\t\t<div class=\"elementor-column elementor-col-33 elementor-top-column elementor-element elementor-element-5e8854b\" data-id=\"5e8854b\" data-element_type=\"column\">\n\t\t\t<div class=\"elementor-widget-wrap elementor-element-populated\">\n\t\t\t\t\t\t\t\t<div class=\"elementor-element elementor-element-0c338b8 elementor-view-default elementor-widget elementor-widget-icon\" data-id=\"0c338b8\" data-element_type=\"widget\" data-widget_type=\"icon.default\">\n\t\t\t\t<div class=\"elementor-widget-container\">\n\t\t\t\t\t<div class=\"elementor-icon-wrapper\">\n\t\t\t<div class=\"elementor-icon\">\n\t\t\t<i aria-hidden=\"true\" class=\"fas fa-th\"><\/i>\t\t\t<\/div>\n\t\t<\/div>\n\t\t\t\t<\/div>\n\t\t\t\t<\/div>\n\t\t\t\t<div class=\"elementor-element elementor-element-b2b891c elementor-widget elementor-widget-heading\" data-id=\"b2b891c\" data-element_type=\"widget\" data-widget_type=\"heading.default\">\n\t\t\t\t<div class=\"elementor-widget-container\">\n\t\t\t<h3 class=\"elementor-heading-title elementor-size-default\">St\u00e6rk beskyttelse i alkaliske milj\u00f8er\n<\/h3>\t\t<\/div>\n\t\t\t\t<\/div>\n\t\t\t\t<div class=\"elementor-element elementor-element-32a1871 elementor-widget elementor-widget-text-editor\" data-id=\"32a1871\" data-element_type=\"widget\" data-widget_type=\"text-editor.default\">\n\t\t\t\t<div class=\"elementor-widget-container\">\n\t\t\t\t\t\t\t<p>Takket v\u00e6re sin poret\u00e6thed og hydrofobe egenskaber giver TempCoat\u00ae ekstremt god korrosionsbeskyttelse i alkaliske milj\u00f8er med h\u00f8je pH-v\u00e6rdier (med v\u00e6rdier op til Ph13).<\/p>\t\t\t\t\t\t<\/div>\n\t\t\t\t<\/div>\n\t\t\t\t\t<\/div>\n\t\t<\/div>\n\t\t\t\t<div class=\"elementor-column elementor-col-33 elementor-top-column elementor-element elementor-element-36ed1ed\" data-id=\"36ed1ed\" data-element_type=\"column\">\n\t\t\t<div class=\"elementor-widget-wrap elementor-element-populated\">\n\t\t\t\t\t\t\t\t<div class=\"elementor-element elementor-element-5427fbd elementor-view-default elementor-widget elementor-widget-icon\" data-id=\"5427fbd\" data-element_type=\"widget\" data-widget_type=\"icon.default\">\n\t\t\t\t<div class=\"elementor-widget-container\">\n\t\t\t\t\t<div class=\"elementor-icon-wrapper\">\n\t\t\t<div class=\"elementor-icon\">\n\t\t\t<i aria-hidden=\"true\" class=\"fas fa-tint\"><\/i>\t\t\t<\/div>\n\t\t<\/div>\n\t\t\t\t<\/div>\n\t\t\t\t<\/div>\n\t\t\t\t<div class=\"elementor-element elementor-element-383a2cb elementor-widget elementor-widget-heading\" data-id=\"383a2cb\" data-element_type=\"widget\" data-widget_type=\"heading.default\">\n\t\t\t\t<div class=\"elementor-widget-container\">\n\t\t\t<h3 class=\"elementor-heading-title elementor-size-default\">Effektiv beskyttelse mod olie, fedt, benzin osv.\n<\/h3>\t\t<\/div>\n\t\t\t\t<\/div>\n\t\t\t\t<div class=\"elementor-element elementor-element-6a88080 elementor-widget elementor-widget-text-editor\" data-id=\"6a88080\" data-element_type=\"widget\" data-widget_type=\"text-editor.default\">\n\t\t\t\t<div class=\"elementor-widget-container\">\n\t\t\t\t\t\t\t<p>TempCoat\u00ae er en overfladebehandling, der ogs\u00e5 giver en meget god beskyttelse mod olie, fedt, benzin og dieselolie.<\/p>\t\t\t\t\t\t<\/div>\n\t\t\t\t<\/div>\n\t\t\t\t\t<\/div>\n\t\t<\/div>\n\t\t\t\t\t\t\t<\/div>\n\t\t<\/section>\n\t\t\t\t<section class=\"elementor-section elementor-top-section elementor-element elementor-element-2d9e822 elementor-section-boxed elementor-section-height-default elementor-section-height-default\" data-id=\"2d9e822\" data-element_type=\"section\">\n\t\t\t\t\t\t<div class=\"elementor-container elementor-column-gap-default\">\n\t\t\t\t\t<div class=\"elementor-column elementor-col-100 elementor-top-column elementor-element elementor-element-2bb4be0\" data-id=\"2bb4be0\" data-element_type=\"column\">\n\t\t\t<div class=\"elementor-widget-wrap elementor-element-populated\">\n\t\t\t\t\t\t\t\t<div class=\"elementor-element elementor-element-6a11bfc elementor-widget elementor-widget-heading\" data-id=\"6a11bfc\" data-element_type=\"widget\" data-widget_type=\"heading.default\">\n\t\t\t\t<div class=\"elementor-widget-container\">\n\t\t\t<h3 class=\"elementor-heading-title elementor-size-default\">Har du brug for hj\u00e6lp med TempCoat\u00ae?\n<\/h3>\t\t<\/div>\n\t\t\t\t<\/div>\n\t\t\t\t<div class=\"elementor-element elementor-element-0be297f elementor-align-center elementor-widget elementor-widget-button\" data-id=\"0be297f\" data-element_type=\"widget\" data-widget_type=\"button.default\">\n\t\t\t\t<div class=\"elementor-widget-container\">\n\t\t\t\t\t<div class=\"elementor-button-wrapper\">\n\t\t\t<a href=\"https:\/\/www.aalberts-st.com\/da\/locations\/loddekopinge\/\" class=\"elementor-button-link elementor-button elementor-size-sm\" role=\"button\">\n\t\t\t\t\t\t<span class=\"elementor-button-content-wrapper\">\n\t\t\t\t\t\t\t<span class=\"elementor-button-icon elementor-align-icon-right\">\n\t\t\t\t<i aria-hidden=\"true\" class=\"fas fa-angle-right\"><\/i>\t\t\t<\/span>\n\t\t\t\t\t\t<span class=\"elementor-button-text\">Kontakt os<\/span>\n\t\t<\/span>\n\t\t\t\t\t<\/a>\n\t\t<\/div>\n\t\t\t\t<\/div>\n\t\t\t\t<\/div>\n\t\t\t\t\t<\/div>\n\t\t<\/div>\n\t\t\t\t\t\t\t<\/div>\n\t\t<\/section>\n\t\t\t\t<section class=\"elementor-section elementor-top-section elementor-element elementor-element-470fc99 elementor-section-boxed elementor-section-height-default elementor-section-height-default\" data-id=\"470fc99\" data-element_type=\"section\">\n\t\t\t\t\t\t<div class=\"elementor-container elementor-column-gap-default\">\n\t\t\t\t\t<div class=\"elementor-column elementor-col-100 elementor-top-column elementor-element elementor-element-1e340bc\" data-id=\"1e340bc\" data-element_type=\"column\">\n\t\t\t<div class=\"elementor-widget-wrap elementor-element-populated\">\n\t\t\t\t\t\t\t\t<div class=\"elementor-element elementor-element-270d34f elementor-widget elementor-widget-heading\" data-id=\"270d34f\" data-element_type=\"widget\" data-widget_type=\"heading.default\">\n\t\t\t\t<div class=\"elementor-widget-container\">\n\t\t\t<h2 class=\"elementor-heading-title elementor-size-default\">Anvendelser for TempCoat\u00ae\n<\/h2>\t\t<\/div>\n\t\t\t\t<\/div>\n\t\t\t\t<div class=\"elementor-element elementor-element-79962e8 elementor-widget elementor-widget-text-editor\" data-id=\"79962e8\" data-element_type=\"widget\" data-widget_type=\"text-editor.default\">\n\t\t\t\t<div class=\"elementor-widget-container\">\n\t\t\t\t\t\t\t<p>Anvendelsesomr\u00e5der for vores korrosionsbeskyttelsesbel\u00e6gning TempCoat 5001 er prim\u00e6rt f\u00f8rings- og glideskinner samt volumenklapper i forskellige typer pakkemaskiner. Da bel\u00e6gningen anses for at v\u00e6re relativt tynd og har en lang levetid, er den ogs\u00e5 velegnet til m\u00f8trikker og gevinddele.<\/p>\t\t\t\t\t\t<\/div>\n\t\t\t\t<\/div>\n\t\t\t\t\t<\/div>\n\t\t<\/div>\n\t\t\t\t\t\t\t<\/div>\n\t\t<\/section>\n\t\t\t\t<section class=\"elementor-section elementor-top-section elementor-element elementor-element-cf120f9 elementor-section-boxed elementor-section-height-default elementor-section-height-default\" data-id=\"cf120f9\" data-element_type=\"section\">\n\t\t\t\t\t\t<div class=\"elementor-container elementor-column-gap-default\">\n\t\t\t\t\t<div class=\"elementor-column elementor-col-100 elementor-top-column elementor-element elementor-element-e83998d\" data-id=\"e83998d\" data-element_type=\"column\">\n\t\t\t<div class=\"elementor-widget-wrap elementor-element-populated\">\n\t\t\t\t\t\t\t\t<div class=\"elementor-element elementor-element-a6491f0 elementor-widget elementor-widget-heading\" data-id=\"a6491f0\" data-element_type=\"widget\" data-widget_type=\"heading.default\">\n\t\t\t\t<div class=\"elementor-widget-container\">\n\t\t\t<h2 class=\"elementor-heading-title elementor-size-default\">S\u00e5dan fungerer Aalberts ST L\u00f6ddek\u00f6pinge med TempCoat\u00ae\n<\/h2>\t\t<\/div>\n\t\t\t\t<\/div>\n\t\t\t\t<div class=\"elementor-element elementor-element-567e0c3 elementor-widget elementor-widget-text-editor\" data-id=\"567e0c3\" data-element_type=\"widget\" data-widget_type=\"text-editor.default\">\n\t\t\t\t<div class=\"elementor-widget-container\">\n\t\t\t\t\t\t\t<p>T\u00f8v ikke med at kontakte os, s\u00e5 fort\u00e6ller vi dig mere om, hvordan vi kan udvikle en skr\u00e6ddersyet l\u00f8sning, der hj\u00e6lper dig og din virksomhed. Vi kommer gerne ud og bes\u00f8ger jeres virksomhed, s\u00e5 vi kan se, hvordan jeres forretning ser ud, og hvordan produktionsprocessen fungerer.<\/p><p>Ved at analysere, hvordan forskellige komponenter ser ud under drift, kan vi lettere finde den bedste korrosionsbeskyttelse til dig. Hvis \u00e9n overfladebehandling ikke virker, pr\u00f8ver vi gerne en anden. Vi s\u00e6tter altid kunden i centrum, og vi arbejder aktivt p\u00e5 at tilbyde en omkostningseffektiv l\u00f8sning med fokus p\u00e5 h\u00f8j kvalitet og b\u00e6redygtighed! L\u00e6s ogs\u00e5 om MagnaCoat og Delta-MKS.<\/p>\t\t\t\t\t\t<\/div>\n\t\t\t\t<\/div>\n\t\t\t\t<div class=\"elementor-element elementor-element-3df8853 elementor-widget elementor-widget-heading\" data-id=\"3df8853\" data-element_type=\"widget\" data-widget_type=\"heading.default\">\n\t\t\t\t<div class=\"elementor-widget-container\">\n\t\t\t<h3 class=\"elementor-heading-title elementor-size-default\">Har du brug for hj\u00e6lp med TempCoat\u00ae?\n<\/h3>\t\t<\/div>\n\t\t\t\t<\/div>\n\t\t\t\t<div class=\"elementor-element elementor-element-5d2e9e2 elementor-align-left elementor-widget elementor-widget-button\" data-id=\"5d2e9e2\" data-element_type=\"widget\" data-widget_type=\"button.default\">\n\t\t\t\t<div class=\"elementor-widget-container\">\n\t\t\t\t\t<div class=\"elementor-button-wrapper\">\n\t\t\t<a href=\"https:\/\/www.aalberts-st.com\/da\/locations\/loddekopinge\/\" class=\"elementor-button-link elementor-button elementor-size-sm\" role=\"button\">\n\t\t\t\t\t\t<span class=\"elementor-button-content-wrapper\">\n\t\t\t\t\t\t\t<span class=\"elementor-button-icon elementor-align-icon-right\">\n\t\t\t\t<i aria-hidden=\"true\" class=\"fas fa-angle-right\"><\/i>\t\t\t<\/span>\n\t\t\t\t\t\t<span class=\"elementor-button-text\">Kontakt os<\/span>\n\t\t<\/span>\n\t\t\t\t\t<\/a>\n\t\t<\/div>\n\t\t\t\t<\/div>\n\t\t\t\t<\/div>\n\t\t\t\t\t<\/div>\n\t\t<\/div>\n\t\t\t\t\t\t\t<\/div>\n\t\t<\/section>\n\t\t\t\t\t\t\t<\/div>\n\t\t","protected":false},"excerpt":{"rendered":"<p>TempCoat\u00ae TempCoat\u00ae Har din virksomhed brug for TempCoat\u00ae overfladebehandling? Hos Aalberts ST L\u00f6ddek\u00f6pinge har vi omfattende erfaring med forskellige typer korrosionsbeskyttende overfladebehandlinger. Kontakt os Hvad er TempCoat\u00ae? TempCoat\u00ae er et forst\u00e6rket epoxyharpiks-PTFE-baseret bel\u00e6gningssystem med blandt andet gode glide- og slidegenskaber. Overfladebehandlingen best\u00e5r af kombinationer af forskellige polymerer, der for eksempel kan fungere som korrosionsbeskyttelse for<\/p>\n","protected":false},"author":1,"featured_media":0,"parent":0,"menu_order":0,"comment_status":"closed","ping_status":"closed","template":"elementor_header_footer","meta":{"footnotes":""},"_links":{"self":[{"href":"https:\/\/korrosion.nu\/da\/index.php\/wp-json\/wp\/v2\/pages\/992"}],"collection":[{"href":"https:\/\/korrosion.nu\/da\/index.php\/wp-json\/wp\/v2\/pages"}],"about":[{"href":"https:\/\/korrosion.nu\/da\/index.php\/wp-json\/wp\/v2\/types\/page"}],"author":[{"embeddable":true,"href":"https:\/\/korrosion.nu\/da\/index.php\/wp-json\/wp\/v2\/users\/1"}],"replies":[{"embeddable":true,"href":"https:\/\/korrosion.nu\/da\/index.php\/wp-json\/wp\/v2\/comments?post=992"}],"version-history":[{"count":21,"href":"https:\/\/korrosion.nu\/da\/index.php\/wp-json\/wp\/v2\/pages\/992\/revisions"}],"predecessor-version":[{"id":1041,"href":"https:\/\/korrosion.nu\/da\/index.php\/wp-json\/wp\/v2\/pages\/992\/revisions\/1041"}],"wp:attachment":[{"href":"https:\/\/korrosion.nu\/da\/index.php\/wp-json\/wp\/v2\/media?parent=992"}],"curies":[{"name":"wp","href":"https:\/\/api.w.org\/{rel}","templated":true}]}}